{"id":88,"date":"2017-07-31T07:59:00","date_gmt":"2017-07-31T07:59:00","guid":{"rendered":"http:\/\/strom-licht.de\/?page_id=88"},"modified":"2017-07-31T07:59:00","modified_gmt":"2017-07-31T07:59:00","slug":"kabelbruecken","status":"publish","type":"page","link":"https:\/\/strom-licht.de\/?page_id=88","title":{"rendered":"Kabelbr\u00fccken"},"content":{"rendered":"<p><a href=\"http:\/\/strom-licht.de\/wp-content\/uploads\/2017\/07\/Kabelbr\u00fccken.jpg\"><img loading=\"lazy\" decoding=\"async\" class=\"alignnone wp-image-112 size-large\" src=\"http:\/\/strom-licht.de\/wp-content\/uploads\/2017\/07\/Kabelbr\u00fccken-1024x768.jpg\" alt=\"Kabelbr\u00fccken\" width=\"640\" height=\"480\" srcset=\"https:\/\/strom-licht.de\/wp-content\/uploads\/2017\/07\/Kabelbr\u00fccken-1024x768.jpg 1024w, https:\/\/strom-licht.de\/wp-content\/uploads\/2017\/07\/Kabelbr\u00fccken-300x225.jpg 300w, https:\/\/strom-licht.de\/wp-content\/uploads\/2017\/07\/Kabelbr\u00fccken-768x576.jpg 768w, https:\/\/strom-licht.de\/wp-content\/uploads\/2017\/07\/Kabelbr\u00fccken-333x250.jpg 333w\" sizes=\"auto, (max-width: 640px) 100vw, 640px\" \/><\/a><\/p>\n<p><span style=\"font-family: verdana,geneva,sans-serif;\">Hersteller: Adam Hall<\/span><\/p>\n<p><span style=\"font-family: verdana,geneva,sans-serif;\"><strong>3 \u2013 Kanal Kabelbr\u00fccken<br \/>\n<\/strong><\/span><span style=\"font-family: verdana,geneva,sans-serif;\">1 Kanal 35 x 35 mm, 2 Kan\u00e4le 35 x 30 mm<br \/>\n<\/span><span style=\"font-family: verdana,geneva,sans-serif;\">Ideal in Fu\u00dfg\u00e4ngerbereichen, nicht f\u00fcr Fahrzeugverkehr zugelassen<br \/>\n<\/span><span style=\"font-family: verdana,geneva,sans-serif;\">Ma\u00dfe: 100 x 29 x 4,8 cm<br \/>\n<\/span><span style=\"font-family: verdana,geneva,sans-serif;\">Gewicht nur 5 kg<\/span><\/p>\n<p><span style=\"font-family: verdana,geneva,sans-serif;\"><strong>5 \u2013 Kanal Kabelbr\u00fccken<br \/>\n<\/strong><\/span><span style=\"font-family: verdana,geneva,sans-serif;\">5 Kan\u00e4le 34 x 36 mm<br \/>\n<\/span><span style=\"font-family: verdana,geneva,sans-serif;\">Belastbarkeit 5 Tonnen \/ 20 x 20 cm<br \/>\n<\/span><span style=\"font-family: verdana,geneva,sans-serif;\">Ma\u00dfe: 89 x 54 x 5,2 cm<br \/>\n<\/span><span style=\"font-family: verdana,geneva,sans-serif;\">Gewicht: 11,5 kg<\/span><\/p>\n","protected":false},"excerpt":{"rendered":"<p>Hersteller: Adam Hall 3 \u2013 Kanal Kabelbr\u00fccken 1 Kanal 35 x 35 mm, 2 Kan\u00e4le 35 x 30 mm Ideal in Fu\u00dfg\u00e4ngerbereichen, nicht f\u00fcr Fahrzeugverkehr zugelassen Ma\u00dfe: 100 x 29 x 4,8 cm Gewicht nur 5 kg 5 \u2013 Kanal Kabelbr\u00fccken 5 Kan\u00e4le 34 x 36 mm Belastbarkeit 5 Tonnen \/ 20 x 20 cm [&hellip;]<\/p>\n","protected":false},"author":2,"featured_media":0,"parent":0,"menu_order":0,"comment_status":"closed","ping_status":"closed","template":"","meta":{"footnotes":""},"class_list":["post-88","page","type-page","status-publish","hentry"],"_links":{"self":[{"href":"https:\/\/strom-licht.de\/index.php?rest_route=\/wp\/v2\/pages\/88","targetHints":{"allow":["GET"]}}],"collection":[{"href":"https:\/\/strom-licht.de\/index.php?rest_route=\/wp\/v2\/pages"}],"about":[{"href":"https:\/\/strom-licht.de\/index.php?rest_route=\/wp\/v2\/types\/page"}],"author":[{"embeddable":true,"href":"https:\/\/strom-licht.de\/index.php?rest_route=\/wp\/v2\/users\/2"}],"replies":[{"embeddable":true,"href":"https:\/\/strom-licht.de\/index.php?rest_route=%2Fwp%2Fv2%2Fcomments&post=88"}],"version-history":[{"count":2,"href":"https:\/\/strom-licht.de\/index.php?rest_route=\/wp\/v2\/pages\/88\/revisions"}],"predecessor-version":[{"id":113,"href":"https:\/\/strom-licht.de\/index.php?rest_route=\/wp\/v2\/pages\/88\/revisions\/113"}],"wp:attachment":[{"href":"https:\/\/strom-licht.de\/index.php?rest_route=%2Fwp%2Fv2%2Fmedia&parent=88"}],"curies":[{"name":"wp","href":"https:\/\/api.w.org\/{rel}","templated":true}]}}