{"id":91,"date":"2017-07-31T07:59:44","date_gmt":"2017-07-31T07:59:44","guid":{"rendered":"http:\/\/strom-licht.de\/?page_id=91"},"modified":"2017-07-31T07:59:44","modified_gmt":"2017-07-31T07:59:44","slug":"scheinwerfer","status":"publish","type":"page","link":"http:\/\/strom-licht.de\/?page_id=91","title":{"rendered":"Scheinwerfer"},"content":{"rendered":"<p><a href=\"http:\/\/strom-licht.de\/wp-content\/uploads\/2017\/07\/Schweinwerfer.jpg\"><img loading=\"lazy\" decoding=\"async\" class=\"alignnone wp-image-110 size-full\" src=\"http:\/\/strom-licht.de\/wp-content\/uploads\/2017\/07\/Schweinwerfer.jpg\" alt=\"Scheinwerfer\" width=\"3264\" height=\"2448\" srcset=\"http:\/\/strom-licht.de\/wp-content\/uploads\/2017\/07\/Schweinwerfer.jpg 3264w, http:\/\/strom-licht.de\/wp-content\/uploads\/2017\/07\/Schweinwerfer-300x225.jpg 300w, http:\/\/strom-licht.de\/wp-content\/uploads\/2017\/07\/Schweinwerfer-768x576.jpg 768w, http:\/\/strom-licht.de\/wp-content\/uploads\/2017\/07\/Schweinwerfer-1024x768.jpg 1024w, http:\/\/strom-licht.de\/wp-content\/uploads\/2017\/07\/Schweinwerfer-333x250.jpg 333w\" sizes=\"auto, (max-width: 3264px) 100vw, 3264px\" \/><\/a><\/p>\n<p><span style=\"font-family: verdana,geneva,sans-serif;\"><span style=\"color: #000000;\">Verschiedenste Ausf\u00fchrungen, teilweise auch mit Stativ verf\u00fcgbar<br \/>\n<\/span><span style=\"color: #000000;\">Halogenmetalldampflampen (wei\u00dfes Licht) von 70 Watt bis 2000 Watt<br \/>\n<\/span><span style=\"color: #000000;\">Natriumdampflampen (gelbliches Licht) von 250 Watt bis 400 Watt<br \/>\n<\/span><span style=\"color: #000000;\">LED \u2013 Strahler<\/span><\/span><\/p>\n<p>&nbsp;<\/p>\n","protected":false},"excerpt":{"rendered":"<p>Verschiedenste Ausf\u00fchrungen, teilweise auch mit Stativ verf\u00fcgbar Halogenmetalldampflampen (wei\u00dfes Licht) von 70 Watt bis 2000 Watt Natriumdampflampen (gelbliches Licht) von 250 Watt bis 400 Watt LED \u2013 Strahler &nbsp;<\/p>\n","protected":false},"author":2,"featured_media":0,"parent":0,"menu_order":0,"comment_status":"closed","ping_status":"closed","template":"","meta":{"footnotes":""},"class_list":["post-91","page","type-page","status-publish","hentry"],"_links":{"self":[{"href":"http:\/\/strom-licht.de\/index.php?rest_route=\/wp\/v2\/pages\/91","targetHints":{"allow":["GET"]}}],"collection":[{"href":"http:\/\/strom-licht.de\/index.php?rest_route=\/wp\/v2\/pages"}],"about":[{"href":"http:\/\/strom-licht.de\/index.php?rest_route=\/wp\/v2\/types\/page"}],"author":[{"embeddable":true,"href":"http:\/\/strom-licht.de\/index.php?rest_route=\/wp\/v2\/users\/2"}],"replies":[{"embeddable":true,"href":"http:\/\/strom-licht.de\/index.php?rest_route=%2Fwp%2Fv2%2Fcomments&post=91"}],"version-history":[{"count":3,"href":"http:\/\/strom-licht.de\/index.php?rest_route=\/wp\/v2\/pages\/91\/revisions"}],"predecessor-version":[{"id":111,"href":"http:\/\/strom-licht.de\/index.php?rest_route=\/wp\/v2\/pages\/91\/revisions\/111"}],"wp:attachment":[{"href":"http:\/\/strom-licht.de\/index.php?rest_route=%2Fwp%2Fv2%2Fmedia&parent=91"}],"curies":[{"name":"wp","href":"https:\/\/api.w.org\/{rel}","templated":true}]}}